{"id":20,"date":"2023-03-27T18:54:04","date_gmt":"2023-03-27T17:54:04","guid":{"rendered":"https:\/\/mms-hochzeit.ch\/?page_id=20"},"modified":"2023-03-28T19:30:10","modified_gmt":"2023-03-28T18:30:10","slug":"trauung","status":"publish","type":"page","link":"https:\/\/mms-hochzeit.ch\/?page_id=20","title":{"rendered":"Trauung"},"content":{"rendered":"\n<p>JA sagen wir in der Pfarrkirche St. Pankratius in Hitzkirch.<\/p>\n\n\n\n<figure class=\"wp-block-image size-large\"><img fetchpriority=\"high\" decoding=\"async\" width=\"1024\" height=\"569\" src=\"https:\/\/mms-hochzeit.ch\/wp-content\/uploads\/2023\/03\/kirche_hitzkirch-1024x569.jpg\" alt=\"\" class=\"wp-image-157\" srcset=\"https:\/\/mms-hochzeit.ch\/wp-content\/uploads\/2023\/03\/kirche_hitzkirch-1024x569.jpg 1024w, https:\/\/mms-hochzeit.ch\/wp-content\/uploads\/2023\/03\/kirche_hitzkirch-300x167.jpg 300w, https:\/\/mms-hochzeit.ch\/wp-content\/uploads\/2023\/03\/kirche_hitzkirch-768x427.jpg 768w, https:\/\/mms-hochzeit.ch\/wp-content\/uploads\/2023\/03\/kirche_hitzkirch-1536x854.jpg 1536w, https:\/\/mms-hochzeit.ch\/wp-content\/uploads\/2023\/03\/kirche_hitzkirch-2048x1139.jpg 2048w\" sizes=\"(max-width: 1024px) 100vw, 1024px\" \/><\/figure>\n\n\n\n<p><strong>Parkplatzsituation:<\/strong> Es gibt gen\u00fcgend Parkpl\u00e4tze im Dorf. Wir empfehlen Euch den Parkplatz beim Pauliplatz zu nutzen. Bitte beachtet, dass die Parkpl\u00e4tze sich in der blauen Zone befinden. Wenn jemand nicht gut zu Fuss ist, gibt es auch ein paar Parkpl\u00e4tze direkt bei der Kirche.<\/p>\n\n\n\n<p>Pauliplatz: <a href=\"https:\/\/www.google.ch\/maps\/dir\/Pauliplatz,+ca.+Luzernerstrasse+5,+Hitzkirch,+47.224314,+8,+264009,+6285+Hitzkirch\/@47.2245737,8.2629876,18z\/data=!4m9!4m8!1m0!1m5!1m1!1s0x47901df21aaa803d:0x16d98385b7f39901!2m2!1d8.2642124!2d47.2242173!3e0\">Google Maps<\/a><\/p>\n\n\n\n<p><strong>Ap\u00e9ro:<\/strong> Im Anschluss zur Trauung findet auf dem Vorplatz der Kirche ein Ap\u00e9ro f\u00fcr alle G\u00e4ste statt. Falls uns das Wetter einen Strich durch die Rechnung macht, findet der Ap\u00e9ro im Pfarreiheim Hitzkirch statt.<\/p>\n\n\n\n<figure class=\"wp-block-image size-large\"><img decoding=\"async\" width=\"1024\" height=\"683\" src=\"https:\/\/mms-hochzeit.ch\/wp-content\/uploads\/2023\/03\/0056-568F8A6156-1024x683.jpg\" alt=\"\" class=\"wp-image-72\" srcset=\"https:\/\/mms-hochzeit.ch\/wp-content\/uploads\/2023\/03\/0056-568F8A6156-1024x683.jpg 1024w, https:\/\/mms-hochzeit.ch\/wp-content\/uploads\/2023\/03\/0056-568F8A6156-300x200.jpg 300w, https:\/\/mms-hochzeit.ch\/wp-content\/uploads\/2023\/03\/0056-568F8A6156-768x512.jpg 768w, https:\/\/mms-hochzeit.ch\/wp-content\/uploads\/2023\/03\/0056-568F8A6156-1536x1024.jpg 1536w, https:\/\/mms-hochzeit.ch\/wp-content\/uploads\/2023\/03\/0056-568F8A6156-2048x1366.jpg 2048w\" sizes=\"(max-width: 1024px) 100vw, 1024px\" \/><\/figure>\n","protected":false},"excerpt":{"rendered":"<p>JA sagen wir in der Pfarrkirche St. Pankratius in Hitzkirch. Parkplatzsituation: Es gibt gen\u00fcgend Parkpl\u00e4tze im Dorf. Wir empfehlen Euch den Parkplatz beim Pauliplatz zu nutzen. Bitte beachtet, dass die Parkpl\u00e4tze sich in der blauen Zone befinden. Wenn jemand nicht gut zu Fuss ist, gibt es auch ein paar Parkpl\u00e4tze direkt bei der Kirche. Pauliplatz: Google Maps Ap\u00e9ro: Im Anschluss [&hellip;]<\/p>\n","protected":false},"author":1,"featured_media":0,"parent":0,"menu_order":1,"comment_status":"closed","ping_status":"closed","template":"","meta":{"footnotes":""},"class_list":["post-20","page","type-page","status-publish","hentry"],"_links":{"self":[{"href":"https:\/\/mms-hochzeit.ch\/index.php?rest_route=\/wp\/v2\/pages\/20","targetHints":{"allow":["GET"]}}],"collection":[{"href":"https:\/\/mms-hochzeit.ch\/index.php?rest_route=\/wp\/v2\/pages"}],"about":[{"href":"https:\/\/mms-hochzeit.ch\/index.php?rest_route=\/wp\/v2\/types\/page"}],"author":[{"embeddable":true,"href":"https:\/\/mms-hochzeit.ch\/index.php?rest_route=\/wp\/v2\/users\/1"}],"replies":[{"embeddable":true,"href":"https:\/\/mms-hochzeit.ch\/index.php?rest_route=%2Fwp%2Fv2%2Fcomments&post=20"}],"version-history":[{"count":4,"href":"https:\/\/mms-hochzeit.ch\/index.php?rest_route=\/wp\/v2\/pages\/20\/revisions"}],"predecessor-version":[{"id":214,"href":"https:\/\/mms-hochzeit.ch\/index.php?rest_route=\/wp\/v2\/pages\/20\/revisions\/214"}],"wp:attachment":[{"href":"https:\/\/mms-hochzeit.ch\/index.php?rest_route=%2Fwp%2Fv2%2Fmedia&parent=20"}],"curies":[{"name":"wp","href":"https:\/\/api.w.org\/{rel}","templated":true}]}}