{"id":22,"date":"2023-03-27T18:54:40","date_gmt":"2023-03-27T17:54:40","guid":{"rendered":"https:\/\/mms-hochzeit.ch\/?page_id=22"},"modified":"2023-03-28T19:30:25","modified_gmt":"2023-03-28T18:30:25","slug":"location","status":"publish","type":"page","link":"https:\/\/mms-hochzeit.ch\/?page_id=22","title":{"rendered":"Location"},"content":{"rendered":"\n<p>F\u00fcr die geladenen G\u00e4ste geht es nach dem Ap\u00e9ro weiter ins Hotel Restaurant Vogelsang in Eich. Dort lassen wir es uns gut gehen und geniessen bei der herrlichen Aussicht guten Wein und bestes Essen.<\/p>\n\n\n\n<figure class=\"wp-block-image size-large\"><img fetchpriority=\"high\" decoding=\"async\" width=\"1024\" height=\"640\" src=\"https:\/\/mms-hochzeit.ch\/wp-content\/uploads\/2023\/03\/Vogelsang-1024x640.jpg\" alt=\"\" class=\"wp-image-155\" srcset=\"https:\/\/mms-hochzeit.ch\/wp-content\/uploads\/2023\/03\/Vogelsang-1024x640.jpg 1024w, https:\/\/mms-hochzeit.ch\/wp-content\/uploads\/2023\/03\/Vogelsang-300x188.jpg 300w, https:\/\/mms-hochzeit.ch\/wp-content\/uploads\/2023\/03\/Vogelsang-768x480.jpg 768w, https:\/\/mms-hochzeit.ch\/wp-content\/uploads\/2023\/03\/Vogelsang.jpg 1440w\" sizes=\"(max-width: 1024px) 100vw, 1024px\" \/><\/figure>\n\n\n\n<p><strong>Parkplatzsituation:<\/strong> Direkt bei der Location hat es gen\u00fcgend Parkpl\u00e4tze, falls es trotzdem eng wird, hat es auf der gegen\u00fcberliegenden Seite vom Hotel auf dem Rasen weitere Parkpl\u00e4tze.<\/p>\n\n\n\n<p><strong>\u00dcbernachtung:<\/strong> Das Hotel hat f\u00fcr uns einige Zimmer reserviert. Wenn ihr nach der Party nicht mehr nach Hause fahren m\u00f6chtet, so k\u00f6nnt ihr vor Ort \u00dcbernachten. Die Angebote k\u00f6nnt ihr <a href=\"https:\/\/mms-hochzeit.ch\/?page_id=24\" data-type=\"URL\" data-id=\"https:\/\/mms-hochzeit.ch\/?page_id=24\">HIER<\/a> entnehmen.<\/p>\n\n\n\n<p><\/p>\n\n\n\n<figure class=\"wp-block-image size-large\"><img decoding=\"async\" width=\"1024\" height=\"683\" src=\"https:\/\/mms-hochzeit.ch\/wp-content\/uploads\/2023\/03\/0027-278F8A5540-1024x683.jpg\" alt=\"\" class=\"wp-image-82\" srcset=\"https:\/\/mms-hochzeit.ch\/wp-content\/uploads\/2023\/03\/0027-278F8A5540-1024x683.jpg 1024w, https:\/\/mms-hochzeit.ch\/wp-content\/uploads\/2023\/03\/0027-278F8A5540-300x200.jpg 300w, https:\/\/mms-hochzeit.ch\/wp-content\/uploads\/2023\/03\/0027-278F8A5540-768x512.jpg 768w, https:\/\/mms-hochzeit.ch\/wp-content\/uploads\/2023\/03\/0027-278F8A5540-1536x1024.jpg 1536w, https:\/\/mms-hochzeit.ch\/wp-content\/uploads\/2023\/03\/0027-278F8A5540-2048x1366.jpg 2048w\" sizes=\"(max-width: 1024px) 100vw, 1024px\" \/><\/figure>\n","protected":false},"excerpt":{"rendered":"<p>F\u00fcr die geladenen G\u00e4ste geht es nach dem Ap\u00e9ro weiter ins Hotel Restaurant Vogelsang in Eich. Dort lassen wir es uns gut gehen und geniessen bei der herrlichen Aussicht guten Wein und bestes Essen. Parkplatzsituation: Direkt bei der Location hat es gen\u00fcgend Parkpl\u00e4tze, falls es trotzdem eng wird, hat es auf der gegen\u00fcberliegenden Seite vom Hotel auf dem Rasen weitere [&hellip;]<\/p>\n","protected":false},"author":1,"featured_media":0,"parent":0,"menu_order":2,"comment_status":"closed","ping_status":"closed","template":"","meta":{"footnotes":""},"class_list":["post-22","page","type-page","status-publish","hentry"],"_links":{"self":[{"href":"https:\/\/mms-hochzeit.ch\/index.php?rest_route=\/wp\/v2\/pages\/22","targetHints":{"allow":["GET"]}}],"collection":[{"href":"https:\/\/mms-hochzeit.ch\/index.php?rest_route=\/wp\/v2\/pages"}],"about":[{"href":"https:\/\/mms-hochzeit.ch\/index.php?rest_route=\/wp\/v2\/types\/page"}],"author":[{"embeddable":true,"href":"https:\/\/mms-hochzeit.ch\/index.php?rest_route=\/wp\/v2\/users\/1"}],"replies":[{"embeddable":true,"href":"https:\/\/mms-hochzeit.ch\/index.php?rest_route=%2Fwp%2Fv2%2Fcomments&post=22"}],"version-history":[{"count":4,"href":"https:\/\/mms-hochzeit.ch\/index.php?rest_route=\/wp\/v2\/pages\/22\/revisions"}],"predecessor-version":[{"id":215,"href":"https:\/\/mms-hochzeit.ch\/index.php?rest_route=\/wp\/v2\/pages\/22\/revisions\/215"}],"wp:attachment":[{"href":"https:\/\/mms-hochzeit.ch\/index.php?rest_route=%2Fwp%2Fv2%2Fmedia&parent=22"}],"curies":[{"name":"wp","href":"https:\/\/api.w.org\/{rel}","templated":true}]}}