{"id":28,"date":"2023-03-27T18:56:42","date_gmt":"2023-03-27T17:56:42","guid":{"rendered":"https:\/\/mms-hochzeit.ch\/?page_id=28"},"modified":"2023-03-27T19:36:30","modified_gmt":"2023-03-27T18:36:30","slug":"team","status":"publish","type":"page","link":"https:\/\/mms-hochzeit.ch\/?page_id=28","title":{"rendered":"Team"},"content":{"rendered":"\n<figure class=\"wp-block-table\"><table><tbody><tr><td><img decoding=\"async\" width=\"150\" height=\"150\" class=\"wp-image-64\" style=\"width: 150px;\" src=\"https:\/\/mms-hochzeit.ch\/wp-content\/uploads\/2023\/03\/Milene_2.jpg.jpeg\" alt=\"\" srcset=\"https:\/\/mms-hochzeit.ch\/wp-content\/uploads\/2023\/03\/Milene_2.jpg.jpeg 480w, https:\/\/mms-hochzeit.ch\/wp-content\/uploads\/2023\/03\/Milene_2.jpg-300x300.jpeg 300w, https:\/\/mms-hochzeit.ch\/wp-content\/uploads\/2023\/03\/Milene_2.jpg-150x150.jpeg 150w\" sizes=\"(max-width: 150px) 100vw, 150px\" \/><\/td><td>Mil\u00e8ne Koch<br>Princess of the Day<\/td><\/tr><tr><td><img decoding=\"async\" width=\"150\" height=\"215\" class=\"wp-image-61\" style=\"width: 150px;\" src=\"https:\/\/mms-hochzeit.ch\/wp-content\/uploads\/2023\/03\/Michael.jpg\" alt=\"\" srcset=\"https:\/\/mms-hochzeit.ch\/wp-content\/uploads\/2023\/03\/Michael.jpg 373w, https:\/\/mms-hochzeit.ch\/wp-content\/uploads\/2023\/03\/Michael-209x300.jpg 209w\" sizes=\"(max-width: 150px) 100vw, 150px\" \/><\/td><td>Michael Stocker<br>Anw\u00e4rter zum Ehemann<\/td><\/tr><tr><td><img decoding=\"async\" width=\"150\" height=\"160\" class=\"wp-image-65\" style=\"width: 150px;\" src=\"https:\/\/mms-hochzeit.ch\/wp-content\/uploads\/2023\/03\/Michael-Binder-1.jpg\" alt=\"\" srcset=\"https:\/\/mms-hochzeit.ch\/wp-content\/uploads\/2023\/03\/Michael-Binder-1.jpg 1534w, https:\/\/mms-hochzeit.ch\/wp-content\/uploads\/2023\/03\/Michael-Binder-1-281x300.jpg 281w, https:\/\/mms-hochzeit.ch\/wp-content\/uploads\/2023\/03\/Michael-Binder-1-960x1024.jpg 960w, https:\/\/mms-hochzeit.ch\/wp-content\/uploads\/2023\/03\/Michael-Binder-1-768x820.jpg 768w, https:\/\/mms-hochzeit.ch\/wp-content\/uploads\/2023\/03\/Michael-Binder-1-1439x1536.jpg 1439w\" sizes=\"(max-width: 150px) 100vw, 150px\" \/><\/td><td>Michael Binder<br>Chief Organisation Officer<br>T\u00e4tschmeister<\/td><\/tr><tr><td><img loading=\"lazy\" decoding=\"async\" width=\"150\" height=\"200\" class=\"wp-image-66\" style=\"width: 150px;\" src=\"https:\/\/mms-hochzeit.ch\/wp-content\/uploads\/2023\/03\/patrik_hoeltschi.jpeg\" alt=\"\" srcset=\"https:\/\/mms-hochzeit.ch\/wp-content\/uploads\/2023\/03\/patrik_hoeltschi.jpeg 482w, https:\/\/mms-hochzeit.ch\/wp-content\/uploads\/2023\/03\/patrik_hoeltschi-225x300.jpeg 225w\" sizes=\"(max-width: 150px) 100vw, 150px\" \/><\/td><td>Patrik H\u00f6ltschi<br>Trauzeuge<\/td><\/tr><tr><td><img loading=\"lazy\" decoding=\"async\" width=\"150\" height=\"209\" class=\"wp-image-58\" style=\"width: 150px;\" src=\"https:\/\/mms-hochzeit.ch\/wp-content\/uploads\/2023\/03\/Anastassia.jpg\" alt=\"\" srcset=\"https:\/\/mms-hochzeit.ch\/wp-content\/uploads\/2023\/03\/Anastassia.jpg 282w, https:\/\/mms-hochzeit.ch\/wp-content\/uploads\/2023\/03\/Anastassia-216x300.jpg 216w\" sizes=\"(max-width: 150px) 100vw, 150px\" \/><\/td><td>Anastassia Gamaeva<br>Food &#038; Beverage Manager und Trauzeugin<\/td><\/tr><tr><td><img loading=\"lazy\" decoding=\"async\" width=\"150\" height=\"204\" class=\"wp-image-63\" style=\"width: 150px;\" src=\"https:\/\/mms-hochzeit.ch\/wp-content\/uploads\/2023\/03\/Ruth-Koch.png\" alt=\"\" srcset=\"https:\/\/mms-hochzeit.ch\/wp-content\/uploads\/2023\/03\/Ruth-Koch.png 520w, https:\/\/mms-hochzeit.ch\/wp-content\/uploads\/2023\/03\/Ruth-Koch-221x300.png 221w\" sizes=\"(max-width: 150px) 100vw, 150px\" \/><\/td><td>Ruth Koch<br>Hair Styler und Mutter der Braut<\/td><\/tr><tr><td><img loading=\"lazy\" decoding=\"async\" width=\"150\" height=\"186\" class=\"wp-image-59\" style=\"width: 150px;\" src=\"https:\/\/mms-hochzeit.ch\/wp-content\/uploads\/2023\/03\/Daniel-Koch.jpg\" alt=\"\" srcset=\"https:\/\/mms-hochzeit.ch\/wp-content\/uploads\/2023\/03\/Daniel-Koch.jpg 1400w, https:\/\/mms-hochzeit.ch\/wp-content\/uploads\/2023\/03\/Daniel-Koch-242x300.jpg 242w, https:\/\/mms-hochzeit.ch\/wp-content\/uploads\/2023\/03\/Daniel-Koch-824x1024.jpg 824w, https:\/\/mms-hochzeit.ch\/wp-content\/uploads\/2023\/03\/Daniel-Koch-768x954.jpg 768w, https:\/\/mms-hochzeit.ch\/wp-content\/uploads\/2023\/03\/Daniel-Koch-1237x1536.jpg 1237w\" sizes=\"(max-width: 150px) 100vw, 150px\" \/><\/td><td>Daniel Koch<br>pers\u00f6nlicher Mechaniker des Brautpaares<\/td><\/tr><tr><td><img loading=\"lazy\" decoding=\"async\" width=\"150\" height=\"168\" class=\"wp-image-62\" style=\"width: 150px;\" src=\"https:\/\/mms-hochzeit.ch\/wp-content\/uploads\/2023\/03\/Ruth_Stocker2.jpg\" alt=\"\"><\/td><td>Ruth Stocker<br>Wohlf\u00fchlcoach des Brautpaares<\/td><\/tr><tr><td><img loading=\"lazy\" decoding=\"async\" width=\"150\" height=\"225\" class=\"wp-image-68\" style=\"width: 150px;\" src=\"https:\/\/mms-hochzeit.ch\/wp-content\/uploads\/2023\/03\/PaulStocker-1.jpg\" alt=\"\" srcset=\"https:\/\/mms-hochzeit.ch\/wp-content\/uploads\/2023\/03\/PaulStocker-1.jpg 683w, https:\/\/mms-hochzeit.ch\/wp-content\/uploads\/2023\/03\/PaulStocker-1-200x300.jpg 200w\" sizes=\"(max-width: 150px) 100vw, 150px\" \/><\/td><td>Paul Stocker<br>pers\u00f6nlicher Architekt des Bra<\/td><\/tr><\/tbody><\/table><\/figure>\n","protected":false},"excerpt":{"rendered":"<p>Mil\u00e8ne KochPrincess of the Day Michael StockerAnw\u00e4rter zum Ehemann Michael BinderChief Organisation OfficerT\u00e4tschmeister Patrik H\u00f6ltschiTrauzeuge Anastassia GamaevaFood &#038; Beverage Manager und Trauzeugin Ruth KochHair Styler und Mutter der Braut Daniel Kochpers\u00f6nlicher Mechaniker des Brautpaares Ruth StockerWohlf\u00fchlcoach des Brautpaares Paul Stockerpers\u00f6nlicher Architekt des Bra<\/p>\n","protected":false},"author":1,"featured_media":0,"parent":0,"menu_order":4,"comment_status":"closed","ping_status":"closed","template":"","meta":{"footnotes":""},"class_list":["post-28","page","type-page","status-publish","hentry"],"_links":{"self":[{"href":"https:\/\/mms-hochzeit.ch\/index.php?rest_route=\/wp\/v2\/pages\/28","targetHints":{"allow":["GET"]}}],"collection":[{"href":"https:\/\/mms-hochzeit.ch\/index.php?rest_route=\/wp\/v2\/pages"}],"about":[{"href":"https:\/\/mms-hochzeit.ch\/index.php?rest_route=\/wp\/v2\/types\/page"}],"author":[{"embeddable":true,"href":"https:\/\/mms-hochzeit.ch\/index.php?rest_route=\/wp\/v2\/users\/1"}],"replies":[{"embeddable":true,"href":"https:\/\/mms-hochzeit.ch\/index.php?rest_route=%2Fwp%2Fv2%2Fcomments&post=28"}],"version-history":[{"count":3,"href":"https:\/\/mms-hochzeit.ch\/index.php?rest_route=\/wp\/v2\/pages\/28\/revisions"}],"predecessor-version":[{"id":70,"href":"https:\/\/mms-hochzeit.ch\/index.php?rest_route=\/wp\/v2\/pages\/28\/revisions\/70"}],"wp:attachment":[{"href":"https:\/\/mms-hochzeit.ch\/index.php?rest_route=%2Fwp%2Fv2%2Fmedia&parent=28"}],"curies":[{"name":"wp","href":"https:\/\/api.w.org\/{rel}","templated":true}]}}