{"id":30,"date":"2023-03-27T18:57:22","date_gmt":"2023-03-27T17:57:22","guid":{"rendered":"https:\/\/mms-hochzeit.ch\/?page_id=30"},"modified":"2023-03-28T19:34:43","modified_gmt":"2023-03-28T18:34:43","slug":"hochzeits-abc","status":"publish","type":"page","link":"https:\/\/mms-hochzeit.ch\/?page_id=30","title":{"rendered":"Hochzeits-ABC"},"content":{"rendered":"\n<p>Weitere n\u00fctzliche und weniger n\u00fctzliche Informationen zu uns und unserer Hochzeit findest du in unserem Hochzeits-ABC.<\/p>\n\n\n\n<p>A&nbsp;&nbsp;&nbsp;&nbsp;&nbsp;&nbsp;&nbsp;&nbsp;&nbsp;&nbsp;&nbsp;&nbsp; Alles begann am 04.01.2020.<\/p>\n\n\n\n<p>B&nbsp;&nbsp;&nbsp;&nbsp;&nbsp;&nbsp;&nbsp;&nbsp;&nbsp;&nbsp;&nbsp;&nbsp; Brautstrauss wird nicht geworfen, sondern einem Engel \u00fcberbracht.<\/p>\n\n\n\n<p>C&nbsp;&nbsp;&nbsp;&nbsp;&nbsp;&nbsp;&nbsp;&nbsp;&nbsp;&nbsp;&nbsp;&nbsp; Charly, der coole Onkel ist auch dabei.<\/p>\n\n\n\n<p>D&nbsp;&nbsp;&nbsp;&nbsp;&nbsp;&nbsp;&nbsp;&nbsp;&nbsp;&nbsp;&nbsp;&nbsp; DJ Dubi wird f\u00fcr Stimmung sorgen.<\/p>\n\n\n\n<p>E&nbsp;&nbsp;&nbsp;&nbsp;&nbsp;&nbsp;&nbsp;&nbsp;&nbsp;&nbsp;&nbsp;&nbsp; Essen und Trinken wird es reichlich geben.<\/p>\n\n\n\n<p>F&nbsp;&nbsp;&nbsp;&nbsp;&nbsp;&nbsp;&nbsp;&nbsp;&nbsp;&nbsp;&nbsp;&nbsp; Festliche Kleidung ist erw\u00fcnscht.<\/p>\n\n\n\n<p>G&nbsp;&nbsp;&nbsp;&nbsp;&nbsp;&nbsp;&nbsp;&nbsp;&nbsp;&nbsp;&nbsp; G\u00e4stebuch: Wir freuen uns \u00fcber kreative Eintr\u00e4ge.<\/p>\n\n\n\n<p>H&nbsp;&nbsp;&nbsp;&nbsp;&nbsp;&nbsp;&nbsp;&nbsp;&nbsp;&nbsp;&nbsp;&nbsp; Hoch die H\u00e4nde, Wochenende: Heute wird getanzt!<\/p>\n\n\n\n<p>I&nbsp;&nbsp;&nbsp;&nbsp;&nbsp;&nbsp;&nbsp;&nbsp;&nbsp;&nbsp;&nbsp;&nbsp;&nbsp; Ideen f\u00fcr Spiele, Reden und Br\u00e4uche bitte mit T\u00e4tschmeister Michael absprechen.<\/p>\n\n\n\n<p>J\u00a0\u00a0\u00a0\u00a0\u00a0\u00a0\u00a0\u00a0\u00a0\u00a0\u00a0\u00a0 Junggesellen sind wir bald nicht mehr.<\/p>\n\n\n\n<p>K\u00a0\u00a0\u00a0\u00a0\u00a0\u00a0\u00a0\u00a0\u00a0\u00a0\u00a0 \u00a0Kevin ist unser Fotograf und freut sich \u00fcber gute Posen und jedes L\u00e4cheln.<\/p>\n\n\n\n<p>L\u00a0\u00a0\u00a0\u00a0\u00a0\u00a0\u00a0\u00a0\u00a0\u00a0\u00a0\u00a0\u00a0Lustig wird die Feier werden, bringt ganz viel gute Laune mit.<\/p>\n\n\n\n<p>M\u00a0\u00a0\u00a0\u00a0\u00a0\u00a0\u00a0\u00a0\u00a0\u00a0  Mil\u00e8ne und Michael heisst das Brautpaar.<\/p>\n\n\n\n<p>N&nbsp;&nbsp;&nbsp;&nbsp;&nbsp;&nbsp;&nbsp;&nbsp;&nbsp;&nbsp;&nbsp; Nicht zu Hause schlafen? Unsere Feierlocation bietet auch Zimmer an.<\/p>\n\n\n\n<p>O&nbsp;&nbsp;&nbsp;&nbsp;&nbsp;&nbsp;&nbsp;&nbsp;&nbsp;&nbsp;&nbsp; Outfit: Wir m\u00f6chten Euch bitten auf knallige Farben zu verzichten.<\/p>\n\n\n\n<p>P&nbsp;&nbsp;&nbsp;&nbsp;&nbsp;&nbsp;&nbsp;&nbsp;&nbsp;&nbsp;&nbsp;&nbsp; Parken: Infos zu der Parkplatzsituation findet ihr auf unserer Homepage.<\/p>\n\n\n\n<p>Q&nbsp;&nbsp;&nbsp;&nbsp;&nbsp;&nbsp;&nbsp;&nbsp;&nbsp;&nbsp;&nbsp; Qualifiziert als Trauzeugen haben sich Anastassia und Patrik.<\/p>\n\n\n\n<p>R&nbsp;&nbsp;&nbsp;&nbsp;&nbsp;&nbsp;&nbsp;&nbsp;&nbsp;&nbsp;&nbsp;&nbsp; Reichlich d\u00fcrft ihr uns beschenken.<\/p>\n\n\n\n<p>S&nbsp;&nbsp;&nbsp;&nbsp;&nbsp;&nbsp;&nbsp;&nbsp;&nbsp;&nbsp;&nbsp;&nbsp; Sonnenschein ist bestelllt. Wir hoffen auf p\u00fcnktliche Lieferung.<\/p>\n\n\n\n<p>T&nbsp;&nbsp;&nbsp;&nbsp;&nbsp;&nbsp;&nbsp;&nbsp;&nbsp;&nbsp;&nbsp;&nbsp; Taschent\u00fccher braucht ihr hoffentlich nur wegen den Freudentr\u00e4nen.<\/p>\n\n\n\n<p>U&nbsp;&nbsp;&nbsp;&nbsp;&nbsp;&nbsp;&nbsp;&nbsp;&nbsp;&nbsp;&nbsp; Uhrzeit: Die Trauung beginnt um 14.00 Uhr.<\/p>\n\n\n\n<p>V&nbsp;&nbsp;&nbsp;&nbsp;&nbsp;&nbsp;&nbsp;&nbsp;&nbsp;&nbsp;&nbsp;&nbsp; Videos und Fotos sammeln wir in der App: \u00abCelebrate\u00bb<\/p>\n\n\n\n<p>W&nbsp;&nbsp;&nbsp;&nbsp;&nbsp;&nbsp;&nbsp;&nbsp;&nbsp;&nbsp; Weiss und Creme wollen wir an diesem Tag nur an der Braut sehen.<\/p>\n\n\n\n<p>X&nbsp;&nbsp;&nbsp;&nbsp;&nbsp;&nbsp;&nbsp;&nbsp;&nbsp;&nbsp;&nbsp;&nbsp; XY \u2013 Ungel\u00f6st? Bei weiteren Fragen wendet Euch bitte an uns oder T\u00e4tschmeister Michael<\/p>\n\n\n\n<p>Y&nbsp;&nbsp;&nbsp;&nbsp;&nbsp;&nbsp;&nbsp;&nbsp;&nbsp;&nbsp;&nbsp;&nbsp; Yes, Ja oder Si. Ein Nein wird es nicht geben.<\/p>\n\n\n\n<p>Z&nbsp;&nbsp;&nbsp;&nbsp;&nbsp;&nbsp;&nbsp;&nbsp;&nbsp;&nbsp;&nbsp;&nbsp; Z\u00e4hmung des Br\u00e4utigams erfolgreich abgeschlossen.<\/p>\n\n\n<div class=\"wp-block-image\">\n<figure class=\"alignleft size-large\"><img fetchpriority=\"high\" decoding=\"async\" width=\"683\" height=\"1024\" src=\"https:\/\/mms-hochzeit.ch\/wp-content\/uploads\/2023\/03\/0039-398F8A5750_skaliert-683x1024.jpg\" alt=\"\" class=\"wp-image-99\" srcset=\"https:\/\/mms-hochzeit.ch\/wp-content\/uploads\/2023\/03\/0039-398F8A5750_skaliert-683x1024.jpg 683w, https:\/\/mms-hochzeit.ch\/wp-content\/uploads\/2023\/03\/0039-398F8A5750_skaliert-200x300.jpg 200w, https:\/\/mms-hochzeit.ch\/wp-content\/uploads\/2023\/03\/0039-398F8A5750_skaliert-768x1152.jpg 768w, https:\/\/mms-hochzeit.ch\/wp-content\/uploads\/2023\/03\/0039-398F8A5750_skaliert.jpg 1280w\" sizes=\"(max-width: 683px) 100vw, 683px\" \/><\/figure>\n<\/div>","protected":false},"excerpt":{"rendered":"<p>Weitere n\u00fctzliche und weniger n\u00fctzliche Informationen zu uns und unserer Hochzeit findest du in unserem Hochzeits-ABC. A&nbsp;&nbsp;&nbsp;&nbsp;&nbsp;&nbsp;&nbsp;&nbsp;&nbsp;&nbsp;&nbsp;&nbsp; Alles begann am 04.01.2020. B&nbsp;&nbsp;&nbsp;&nbsp;&nbsp;&nbsp;&nbsp;&nbsp;&nbsp;&nbsp;&nbsp;&nbsp; Brautstrauss wird nicht geworfen, sondern einem Engel \u00fcberbracht. C&nbsp;&nbsp;&nbsp;&nbsp;&nbsp;&nbsp;&nbsp;&nbsp;&nbsp;&nbsp;&nbsp;&nbsp; Charly, der coole Onkel ist auch dabei. D&nbsp;&nbsp;&nbsp;&nbsp;&nbsp;&nbsp;&nbsp;&nbsp;&nbsp;&nbsp;&nbsp;&nbsp; DJ Dubi wird f\u00fcr Stimmung sorgen. E&nbsp;&nbsp;&nbsp;&nbsp;&nbsp;&nbsp;&nbsp;&nbsp;&nbsp;&nbsp;&nbsp;&nbsp; Essen und Trinken wird es reichlich geben. F&nbsp;&nbsp;&nbsp;&nbsp;&nbsp;&nbsp;&nbsp;&nbsp;&nbsp;&nbsp;&nbsp;&nbsp; Festliche Kleidung ist erw\u00fcnscht. G&nbsp;&nbsp;&nbsp;&nbsp;&nbsp;&nbsp;&nbsp;&nbsp;&nbsp;&nbsp;&nbsp; G\u00e4stebuch: [&hellip;]<\/p>\n","protected":false},"author":1,"featured_media":0,"parent":0,"menu_order":5,"comment_status":"closed","ping_status":"closed","template":"","meta":{"footnotes":""},"class_list":["post-30","page","type-page","status-publish","hentry"],"_links":{"self":[{"href":"https:\/\/mms-hochzeit.ch\/index.php?rest_route=\/wp\/v2\/pages\/30","targetHints":{"allow":["GET"]}}],"collection":[{"href":"https:\/\/mms-hochzeit.ch\/index.php?rest_route=\/wp\/v2\/pages"}],"about":[{"href":"https:\/\/mms-hochzeit.ch\/index.php?rest_route=\/wp\/v2\/types\/page"}],"author":[{"embeddable":true,"href":"https:\/\/mms-hochzeit.ch\/index.php?rest_route=\/wp\/v2\/users\/1"}],"replies":[{"embeddable":true,"href":"https:\/\/mms-hochzeit.ch\/index.php?rest_route=%2Fwp%2Fv2%2Fcomments&post=30"}],"version-history":[{"count":5,"href":"https:\/\/mms-hochzeit.ch\/index.php?rest_route=\/wp\/v2\/pages\/30\/revisions"}],"predecessor-version":[{"id":222,"href":"https:\/\/mms-hochzeit.ch\/index.php?rest_route=\/wp\/v2\/pages\/30\/revisions\/222"}],"wp:attachment":[{"href":"https:\/\/mms-hochzeit.ch\/index.php?rest_route=%2Fwp%2Fv2%2Fmedia&parent=30"}],"curies":[{"name":"wp","href":"https:\/\/api.w.org\/{rel}","templated":true}]}}