{"id":32,"date":"2023-03-27T18:58:30","date_gmt":"2023-03-27T17:58:30","guid":{"rendered":"https:\/\/mms-hochzeit.ch\/?page_id=32"},"modified":"2023-03-28T19:31:49","modified_gmt":"2023-03-28T18:31:49","slug":"partner","status":"publish","type":"page","link":"https:\/\/mms-hochzeit.ch\/?page_id=32","title":{"rendered":"Partner"},"content":{"rendered":"\n<p>Folgende Partner erm\u00f6glichen uns, dass wir unseren Tag so feiern k\u00f6nnen, wie wir uns das vorstellen. Wir bedanken uns bei ihnen f\u00fcr ihren Einsatz und hoffen, dass ihr sie bei einer Gelegenheit ber\u00fccksichtigt.<\/p>\n\n\n\n<p><a href=\"https:\/\/www.kevin-foeldes.ch\/\" target=\"_blank\" rel=\"noreferrer noopener\">Kevin F\u00f6ldes Fotografie<\/a><\/p>\n\n\n\n<p><a href=\"https:\/\/www.djdubi.ch\/\" target=\"_blank\" rel=\"noreferrer noopener\">DJ Dubi Hochzeits-DJ<\/a><\/p>\n\n\n\n<p><a href=\"https:\/\/brautfashion.ch\/\" target=\"_blank\" rel=\"noreferrer noopener\">Brautfashion, Sins AG<\/a><\/p>\n\n\n\n<p><a href=\"https:\/\/www.sam-allemann.ch\/\" target=\"_blank\" rel=\"noreferrer noopener\">Sam Allemann Herrenausstatter<\/a><\/p>\n\n\n\n<p><a href=\"https:\/\/gygax.com\/\" target=\"_blank\" rel=\"noreferrer noopener\">Gygax Juwelier, Aarau<\/a><\/p>\n\n\n\n<p><a href=\"https:\/\/www.aperochuchi.ch\/\">Ap\u00e9ro-Chuchi Freiamt<\/a><\/p>\n\n\n\n<p><a href=\"https:\/\/www.vogelsang.ch\" target=\"_blank\" rel=\"noreferrer noopener\">Hotel Restaurant Vogelsang, Eich LU<\/a><\/p>\n\n\n<div class=\"wp-block-image\">\n<figure class=\"aligncenter size-large\"><img fetchpriority=\"high\" decoding=\"async\" width=\"1024\" height=\"683\" src=\"https:\/\/mms-hochzeit.ch\/wp-content\/uploads\/2023\/03\/0013-130J0A1823_skaliert-1024x683.jpg\" alt=\"\" class=\"wp-image-114\" srcset=\"https:\/\/mms-hochzeit.ch\/wp-content\/uploads\/2023\/03\/0013-130J0A1823_skaliert-1024x683.jpg 1024w, https:\/\/mms-hochzeit.ch\/wp-content\/uploads\/2023\/03\/0013-130J0A1823_skaliert-300x200.jpg 300w, https:\/\/mms-hochzeit.ch\/wp-content\/uploads\/2023\/03\/0013-130J0A1823_skaliert.jpg 1920w\" sizes=\"(max-width: 1024px) 100vw, 1024px\" \/><\/figure>\n<\/div>","protected":false},"excerpt":{"rendered":"<p>Folgende Partner erm\u00f6glichen uns, dass wir unseren Tag so feiern k\u00f6nnen, wie wir uns das vorstellen. Wir bedanken uns bei ihnen f\u00fcr ihren Einsatz und hoffen, dass ihr sie bei einer Gelegenheit ber\u00fccksichtigt. Kevin F\u00f6ldes Fotografie DJ Dubi Hochzeits-DJ Brautfashion, Sins AG Sam Allemann Herrenausstatter Gygax Juwelier, Aarau Ap\u00e9ro-Chuchi Freiamt Hotel Restaurant Vogelsang, Eich LU<\/p>\n","protected":false},"author":1,"featured_media":0,"parent":0,"menu_order":6,"comment_status":"closed","ping_status":"closed","template":"","meta":{"footnotes":""},"class_list":["post-32","page","type-page","status-publish","hentry"],"_links":{"self":[{"href":"https:\/\/mms-hochzeit.ch\/index.php?rest_route=\/wp\/v2\/pages\/32","targetHints":{"allow":["GET"]}}],"collection":[{"href":"https:\/\/mms-hochzeit.ch\/index.php?rest_route=\/wp\/v2\/pages"}],"about":[{"href":"https:\/\/mms-hochzeit.ch\/index.php?rest_route=\/wp\/v2\/types\/page"}],"author":[{"embeddable":true,"href":"https:\/\/mms-hochzeit.ch\/index.php?rest_route=\/wp\/v2\/users\/1"}],"replies":[{"embeddable":true,"href":"https:\/\/mms-hochzeit.ch\/index.php?rest_route=%2Fwp%2Fv2%2Fcomments&post=32"}],"version-history":[{"count":4,"href":"https:\/\/mms-hochzeit.ch\/index.php?rest_route=\/wp\/v2\/pages\/32\/revisions"}],"predecessor-version":[{"id":220,"href":"https:\/\/mms-hochzeit.ch\/index.php?rest_route=\/wp\/v2\/pages\/32\/revisions\/220"}],"wp:attachment":[{"href":"https:\/\/mms-hochzeit.ch\/index.php?rest_route=%2Fwp%2Fv2%2Fmedia&parent=32"}],"curies":[{"name":"wp","href":"https:\/\/api.w.org\/{rel}","templated":true}]}}